{"id":2,"date":"2016-05-10T03:48:21","date_gmt":"2016-05-10T03:48:21","guid":{"rendered":"https:\/\/bergkapellebadbleiberg.at\/bk_wpress\/?page_id=2"},"modified":"2026-05-13T06:54:15","modified_gmt":"2026-05-13T06:54:15","slug":"geschichte","status":"publish","type":"page","link":"https:\/\/bergkapellebadbleiberg.at\/bk_wpress\/geschichte\/","title":{"rendered":"Geschichte"},"content":{"rendered":"\t\t<div data-elementor-type=\"wp-page\" data-elementor-id=\"2\" class=\"elementor elementor-2\">\n\t\t\t\t\t\t<section class=\"elementor-section elementor-top-section elementor-element elementor-element-7dc36c60 elementor-section-boxed elementor-section-height-default elementor-section-height-default\" data-id=\"7dc36c60\" data-element_type=\"section\">\n\t\t\t\t\t\t<div class=\"elementor-container elementor-column-gap-default\">\n\t\t\t\t\t<div class=\"elementor-column elementor-col-100 elementor-top-column elementor-element elementor-element-2bf5a86d\" data-id=\"2bf5a86d\" data-element_type=\"column\">\n\t\t\t<div class=\"elementor-widget-wrap elementor-element-populated\">\n\t\t\t\t\t\t<div class=\"elementor-element elementor-element-25047a0d elementor-widget elementor-widget-text-editor\" data-id=\"25047a0d\" data-element_type=\"widget\" data-widget_type=\"text-editor.default\">\n\t\t\t\t<div class=\"elementor-widget-container\">\n\t\t\t\t\t\t\t<p>Die Bergkapelle Bad Bleiberg, gegr\u00fcndet im Jahr 1792, ist zur Zeit die zweit\u00e4lteste Knappenkapelle \u00d6sterreichs. Laut den historischen Aufzeichnungen waren die Geschichte des Bergbaues und jene des Klangk\u00f6rpers seit jeher eng miteinander verkn\u00fcpft. Traditionell ist auch die historische Uniform, bei der der Tschako mit wei\u00dfem Federbusch sowie das Bergleder nicht fehlen d\u00fcrfen.<\/p><p>Die Kapellmeister Siegl, M. Glantschnig und H. Schuller trugen Wesentliches zur Erhaltung der Werkskapelle und zur Steigerung des musikalischen Niveaus im Laufe des 20. Jahrhunderts bei. Fast 20 Jahre lang (bis 2002) lag die musikalische Leitung in den H\u00e4nden von Kapellmeister Robert Glantschnig, welcher mit sehr viel pers\u00f6nlichem Engagement die rund 40 Aktiven zu H\u00f6chstleistungen anzuspornen vermochte. H\u00f6hepunkte in diesem Zusammenhang waren sicherlich zwei \u201eAusgezeichnete Erfolge\u201c bei den Bezirkswertungsspielen 1996 und 1998.\u00a0<\/p><p>Besondere musikalische Leckerbissen waren die Klangwolken-Konzerte (1997 und 1999) in der ehemaligen Aufbereitungshalle Antoni, an denen viele einheimische Vereine (MGV Morgensonne Kreuth, Ballettgruppe Kreuth) und Solisten wie Birgit Kuglitsch, Klaus Plattner, Gert Wulz, Jakob Wirnsperger und Kurt Ortner mitwirkten. F\u00fcr tolle Stimmung nach dem Konzertprogramm sorgte das bekannte \u201eK\u00e4rntnerland Echo\u201c. Eine Fortsetzung dieses Konzertes, diesmal in Openair-Form, fand beim Hotel am Kolm (Familie Traninger) statt. Bei diesem besonderen Konzerterlebnis wurde die Bergkapelle von Sonja Mitterer, Klaus Plattner und Gert Wulz gesanglich unterst\u00fctzt, und durch den Abend f\u00fchrte \u201eEU-Bauer\u201c Manfred Tisal.<\/p><p>In der Zeit von 1966 bis 1984 stand Johann Binter der Kapelle als Obmann vor. Er wurde f\u00fcr seine langj\u00e4hrige ausgezeichnete Arbeit zum Ehrenobmann ernannt. Von 1987 bis 2002 leitete Obmann Hannes Strie\u00df mit viel Weitblick die Vereinsgeschicke. Ab 2003 fungierte Rudolf Sternig als besonders umsichtiger Obmann. Ihm zur Seite stand ab diesem Zeitpunkt Christoph Glantschnig, mit dem er gemeinsam die Schulbank dr\u00fcckte. Er ist heute noch als Kapellmeister unser musikalisches Vorbild. Seit 2011 wirkt Mario Glantschnig als Obmann, dessen Engagement f\u00fcr den Verein nahezu grenzenlos erscheint.<\/p><p>Anl\u00e4sslich des 210-j\u00e4hrigen Bestehens wurde im Jahre 2002 ein dreit\u00e4giges Zeltfest mit Bezirksmusikertreffen organisiert, bei dem die bekannte tschechische &#8222;Blaskapelle Gloria&#8220; f\u00fcr musikalische Gustost\u00fcckerln sorgte.<\/p><p>Dem Anlass &#8222;215 Jahre Bergkapelle&#8220; entsprechend, wurde im Juni 2007 ein Jubil\u00e4umskonzert veranstaltet, welches unter dem bezeichnenden Motto \u201eMusik ist Trumpf\u201c stand.<\/p><p>Die im Schuljahr 2007\/2008 durchgef\u00fchrte Etablierung eines Musikschulstandortes in der ehemaligen Volksschule in Kreuth, bei der unser Kapellmeister ebenfalls eine f\u00fchrende Rolle eingenommen hatte, sorgte mehrere Jahre daf\u00fcr, dass die\u00a0Heranbildung unseres musikalischen\u00a0Nachwuchses in kompetente H\u00e4nde (samt Ohren) gelegt wurde. Leider ist diese wichtige musikalische Ausbildungsst\u00e4tte 2018 geschlossen worden. Dem gro\u00dfen Engagement unseres Kapellmeisters ist es zu verdanken, dass die musikalische Zukunft unseres Vereins trotz dieser Hiobsbotschaft gesichert blieb.<\/p><p><span style=\"color: var( --e-global-color-text ); font-family: var( --e-global-typography-text-font-family ), Sans-serif;\">Seit dem Schuljahr 2007\/2008 befindet sich das Probelokal in den R\u00e4umlichkeiten der ehemaligen\u00a0Volksschule Kreuth. (Samt vollem K\u00fchlschrank!)<\/span><\/p><p><span style=\"font-family: var( --e-global-typography-text-font-family ), Sans-serif;\"><span style=\"color: var( --e-global-color-text );\">Im Jahr 2012 galt es 220 Jahre Bergkapelle zu feiern. Im Rahmen eines dreit\u00e4tigen Festes, bestehend aus Jubil\u00e4umskonzert, Bezirksmusikertreffen mit Gastkonzerten samt Abendunterhaltung im Festzelt sowie einem z\u00fcnftigen Fr\u00fchschoppen, wurde dieses Jubil\u00e4um entsprechend begangen.<\/span><\/span><\/p><p><span style=\"font-family: var( --e-global-typography-text-font-family ), Sans-serif;\"><span style=\"color: var( --e-global-color-text );\">Besonders\u00a0<\/span><\/span>lustig<span style=\"font-family: var( --e-global-typography-text-font-family ), Sans-serif;\"><span style=\"color: var( --e-global-color-text );\">\u00a0war die Teilnahme an der &#8222;Cold Water Challenge&#8220; 2014, \u00a0in deren Rahmen wir auch ein Video aufgenommen haben. (<\/span><\/span><span style=\"color: var( --e-global-color-text ); font-family: var( --e-global-typography-text-font-family ), Sans-serif;\">https:\/\/www.youtube.com\/watch?v=W09QR1RCTkc)<\/span><\/p><p><span style=\"font-family: var( --e-global-typography-text-font-family ), Sans-serif;\"><span style=\"color: var( --e-global-color-text );\">Weitere Highlights bis 2020 waren zum Beispiel: &#8222;<\/span><\/span>Blasmusik<span style=\"font-family: var( --e-global-typography-text-font-family ), Sans-serif;\"><span style=\"color: var( --e-global-color-text );\">\u00a0verbindet 2016&#8243; im Knappenhaus, mehrere Neujahrskonzerte im\u00a0<\/span><\/span>Vivea Gesundheitshotel, die traditionellen Fr\u00fchjahrskonzerte ebendort und ein Filmmusikkonzert im Hotel Miramar in Kroatien 2018. (https:\/\/www.youtube.com\/watch?v=jQOLaUuc_QQ)<\/p><p>Leider lie\u00df die Corona-Pandemie in den Jahren 2020 und 2021 nicht viele musikalische Aktivit\u00e4ten zu. <span style=\"color: var( --e-global-color-text ); font-family: var( --e-global-typography-text-font-family ), Sans-serif;\">Umso gr\u00f6\u00dfer war die Vorfreude auf das Jubil\u00e4umsjahr <strong>2022<\/strong>, in welchem &#8222;230 Jahre Bergkapelle Bad Bleiberg&#8220; gefeiert werden konnte. Hier folgen nun die Berichte dar\u00fcber:<\/span><\/p><p style=\"font-weight: 400;\"><strong>Auftakt zum Jubil\u00e4um &#8222;230 Jahre Bergkapelle Bad Bleiberg&#8220; \u2013 \u201eda Blechhauf`n\u201c mit neuem Programm \u201eWell Done\u201c in der Perschazeche<\/strong><\/p><p style=\"font-weight: 400;\">Am Samstag, dem 21. Mai 2022 waren die sieben Herren von \u201eda Blechhauf`n\u201c erstmalig in der Perschazeche zu Gast und haben die Auftaktveranstaltung zu unserem 230-j\u00e4hrigen Jubil\u00e4um zu einem au\u00dfergew\u00f6hnlichen Konzertabend werden lassen. Blechbl\u00e4serisches vom Feinsten, mal \u00fcberaus zart und ruhig, mal \u00e4u\u00dferst energisch und rasant \u2013 gepaart mit humorvollen Einlagen und das in der besonderen Atmosph\u00e4re im Inneren des Bleiberger Erzberges. \u201eWell Done\u201c kann man da nur sagen!<\/p><p style=\"font-weight: 400;\"><strong style=\"font-family: var( --e-global-typography-text-font-family ), Sans-serif;\">Jubil\u00e4umskonzert<\/strong><\/p><p style=\"font-weight: 400;\">Musik und Gesang von beeindruckender Qualit\u00e4t erf\u00fcllten den Raum des Knappenhauses am Abend des 18. Juni 2022. Bei sommerlichen Temperaturen haben wir unter der Leitung unseres Kapellmeisters eindrucksvoll gezeigt, wie vielf\u00e4ltig moderne Blasmusik sein kann. Mal feinf\u00fchlig und adagio, dann wieder kr\u00e4ftig und presto. Immer mit einer gro\u00dfen Spielfreude vorgetragen. Das Publikum revanchierte sich mit tosendem Applaus.<\/p><p style=\"font-weight: 400;\">Besonders hervorzuheben ist der gro\u00dfe Anteil an Jungmusikerinnen und -musikern, die ihre musikalischen Talente in unseren Reihen ausdr\u00fccken k\u00f6nnen. Die Zukunft unseres Klangk\u00f6rpers ist somit gesichert.<\/p><p style=\"font-weight: 400;\">Im Rahmen des Jubil\u00e4umskonzerts wurden auch verdiente Mitglieder f\u00fcr ihre Vereinst\u00e4tigkeit geehrt. Eine besondere Ehrung wurde unserem Altkapellmeister Robert Glantschnig zuteil. Er erhielt den Gemeindewappenring der Marktgemeinde Bad Bleiberg, eine Auszeichnung, die f\u00fcr besonderes Engagement im Vereinsleben verliehen wird. Wir gratulieren herzlich!<\/p><p style=\"font-weight: 400;\"><strong>Bezirksmusikertreffen und Jubil\u00e4umsfr\u00fchschoppen <\/strong><\/p><p style=\"font-weight: 400;\">Am Nachmittag des 9. Juli 2022 wurde Bad Bleiberg in eine Klangwolke geh\u00fcllt. Acht Musikkapellen des Bezirkes Villach haben unsere Einladung angenommen und am Festakt bei der Bartholom\u00e4us-Kapelle mitgewirkt. Von diesem Augen- (aufgrund der unterschiedlichen Trachten und Uniformen) und Ohrenschmaus konnte sich auch Landeshauptmann Dr. Peter Kaiser pers\u00f6nlich \u00fcberzeugen, der zu diesem besonderen Anlass im Hochtal weilte. Im Anschluss daran gab es mehrere Gastkonzerte auf dem Festplatz neben dem Knappenhaus. Bis in die sp\u00e4ten Abendstunden erklangen dabei zackige M\u00e4rsche, schwungvolle Polkas, gem\u00fctliche Walzermelodien und auch ein paar moderne Kl\u00e4nge. Nach den Gastkonzerten sorgte das <em>Hochtalblech<\/em> f\u00fcr tolle Stimmung.<\/p><p style=\"font-weight: 400;\">Die Feierlichkeiten wurden am Sonntagmorgen mit einem \u00f6kumenischen Wortgottesdienst am Festplatz, welcher von uns musikalisch umrahmt wurde, fortgesetzt. (https:\/\/www.youtube.com\/watch?v=Y2y7zY7JFhI) Danach spielte die <em>Trachtenkapelle Alpenland Matschiedl<\/em> ein abwechslungsreiches Fr\u00fchschoppenkonzert. F\u00fcr den passenden Ausklang sorgte die <em>Bergler Musi<\/em> aus dem sch\u00f6nen Gailtal, diesmal mit kompetenter musikalischer Unterst\u00fctzung aus Bad Bleiberg.<\/p><p>Wir haben versucht, das runde Jubil\u00e4um dem Anlass entsprechend zu feiern. Die gro\u00dfe Resonanz aus der Bev\u00f6lkerung hat gezeigt, dass sich der Einsatz unseres Vereins gelohnt hat. \u00a0<\/p><p>Auch die zahlreichen Auftritte im heurigen Sommer haben wir erfolgreich absolviert. Zum ersten Mal durften wir im Rahmen des Villacher Kirchtags ein Konzert am Villacher Rathausplatz geben.\u00a0<\/p><p>Seit Sommer 2022 haben wir mit Lara-Marie, Johanna und Annabell wieder drei junge, engagierte, &#8222;trinkfeste&#8220; und \u00e4u\u00dferst h\u00fcbsche Marketenderinnen. Wir freuen uns sehr, dass sie mit ihrer \u00fcberaus herzlichen Art unseren Verein bereichern. Herzlich willkommen in unseren Reihen.<\/p><p>Der musikalische Herbst war k\u00fcrzer als gedacht, da unser Auftritt beim traditionellen Erntedankfest in Heiligengeist wetterbedingt ausfiel. Den Abschluss des Jubil\u00e4umsjahres bildete deshalb unsere Mitwirkung an der nicht gerade billigen &#8222;Blasmusik verbindet&#8220;-Veranstaltung in Ferndorf Ende Oktober 2022.<\/p><p>Bei der Jahreshauptversammlung Anfang J\u00e4nner <strong>2023<\/strong> haben sich wenige, aber bedeutende \u00c4nderung bei der Zusammensetzung des Vorstandes ergeben. Mit den in ihrer Funktion neu gew\u00e4hlten Mitgliedern werden wir sicher wieder zahlreiche kameradschaftliche und musikalische Highlights sowie humorvolle Momente erleben. Den neu aufgenommenen Musikantinnen und Musikanten w\u00fcnschen wir alles Gute und viel Freude beim Musizieren.<\/p><p>Am 2. April waren wir schon fr\u00fch im Einsatz, galt es ja die kirchliche Feier des Palmsonntags in Kreuth musikalisch zu umrahmen.<\/p><p>Mit gro\u00dfer Begeisterung haben wir f\u00fcr unser Fr\u00fchjahrskonzert, das am Freitag, den 28. April 2023 um 19 Uhr 30 im Knappenhaus Bad Bleiberg stattgefunden hat, geprobt. Wir bedanken uns bei all jenen, die uns besucht haben und bei all jenen, die uns auf und vor der B\u00fchne sowie hinter den Kulissen unterst\u00fctzt haben. Ihr alle habt ma\u00dfgeblich dazu beigetragen, dass dieser Konzertabend zu einem besonderen Highlight werden konnte. Vielen Dank! Das von Johann Dorn gespendete Fl\u00fcgelhorn wird zuk\u00fcnftig einem jungen Musikanten viel Freude beim Musizieren machen. Wir sagen ein herzliches Dankesch\u00f6n!<\/p><p>Nach den Auftritten in Heiligengeist und Hermagor sowie der Fronleichnamsprozession in Kreuth haben wir am 24. Juni 2023 bei der Er\u00f6ffnung des Bergbau-Museums (samt &#8222;unvergleichlicher&#8220; Bergparade) mitgewirkt. Nach dem Besuch von <em>Woodstock der Blasmusik <\/em>haben wir am Bezirksmusikertreffen in Paternion\/Feistritz teilgenommen und die Feier anl\u00e4sslich 140 Jahre FF Kreuth musikalisch umrahmt. Einige von uns waren auch in Malta zu Gast, um den ausgezeichneten Kl\u00e4ngen von Ernst Hutter &amp; die Egerl\u00e4nder Musikanten zu \u00a0lauschen. Beim Trachtenfestumzug im Rahmen des Villacher Kirchtags haben wir dem regnerischen Wetter getrotzt. Nach einer kurzen Verschnaufpause haben wir am 19. August einen abwechslungsreichen Fr\u00fchschoppen im Baron-Park gestaltet, ehe am letzten Sonntag im August mit dem Bleiberger Kirchtag ein Highlight im Jahreskalender auf uns wartete. Ende September waren wir wieder in Heiligengeist zu Gast, um das traditionelle Erntedankfest zu umrahmen. Erstmalig gestalteten wir beim Naturpark Bauernmarkt in N\u00f6tsch im Gailtal einen Fr\u00fchschoppen. Das Vereinsjahr 2023 ging auftrittstechnisch mit unserer Teilnahme an &#8222;Blasmusik verbindet&#8220; am 14. Oktober im sch\u00f6nen Rosental zu Ende.<\/p><p>Unser Neujahrskonzert, das am 13. J\u00e4nner <strong>2024<\/strong> um 19 Uhr 30 im Knappenhaus Bad Bleiberg stattgefunden hat, bildete den Auftakt ins Vereinsjahr 2024. Das Publikum zeigte sich begeistert ob der Vielseitigkeit unseres Klangk\u00f6rpers, der erstmalig in einer Big Band-Formation zu h\u00f6ren war. Nach ein paar Wochen k\u00fcnstlerischer Schaffenspause nach dem Neujahrskonzert haben wir im Rahmen der JHV Ende Feber die Aktivit\u00e4ten f\u00fcr 2024 besprochen. Diese waren: die Messgestaltung am Palmsonntag in Kreuth, ein Konzert im Vivea Hotel Bad Bleiberg, der Kirchtag in Heiligengeist, die Messe zu Fronleichnam in Kreuth, die &#8222;Summer Music Night&#8220; beim Knappenhaus, ein Fr\u00fchschoppen auf der Rosstratte am Dobratsch, ein Fr\u00fchschoppenkonzert in Tr\u00f6polach, die Teilnahme am 79. Villacher Kirchtag, die Messe beim Bleiberger Kirchtag, ein musikalischer Abend im Vivea Hotel Bad Bleiberg, unser traditioneller Auftritt beim Erntedankfest in Heiligengeist und die Teilnahme an der Veranstaltung &#8222;Blasmusik verbindet&#8220; in Wei\u00dfenstein.\u00a0<\/p><p>Das Vereinsjahr <strong>2025<\/strong> wurde mit dem Neujahrskonzert im Knappenhaus er\u00f6ffnet. Nach einer kurzen Phase der Erholung haben wir im Rahmen der JHV Ende Feber \u00fcber das Vergangene und Zuk\u00fcnftige gesprochen. Die musikalische Umrahmung der Fr\u00fchmesse am Palmsonntag in Kreuth, unser Matinee-Konzert im Kvarner Palace in Kroatien, der Fr\u00fchschoppen in Heiligengeist, die Umrahmung des Festes &#8222;30 Jahre Partnerschaft Pradamano &#8211; Bad Bleiberg&#8220;, die Prozession samt Fr\u00fchschoppen beim Fronleichnamsfest in Kreuth, die Teilnahme am 80. Villacher Kirchtag, das Fr\u00fchschoppenkonzert beim Bleiberger Kirchtag sowie das traditionelle Erntedankfest in Heiligengeist liegen bereits hinter uns. Damit haben wir alle Auftritte f\u00fcr das Vereinsjahr 2025 erfolgreich absolviert.\u00a0<\/p><p>Den schwungvollen Auftakt ins Jahr 2026 bildete unser Neujahrskonzert im Knappenhaus, das vom Publikum mit tosendem Applaus honoriert wurde.<\/p><p>Leider war das das letzte Konzert von Christoph als unserem musikalischen Leiter. Nach 23 intensiven, herausfordernden und entbehrungsreichen Jahren hat er seinen R\u00fccktritt als Kapellmeister bekanntgegeben. Wir k\u00f6nnen ihm nur ein gro\u00dfes Dankesch\u00f6n f\u00fcr seine engagierte T\u00e4tigkeit aussprechen! Er wird weiterhin als Musikant seine Bergkapelle unterst\u00fctzen.<\/p><p>Bei der Jahreshauptversammlung am 8. M\u00e4rz 2026 konnte Obmann Mario mit Johannes Kramser unseren neuen Kapellmeister pr\u00e4sentieren. Mit ihm gemeinsam haben wir erste Proben sowie bereits zwei Konzerte absolviert. Das Publikum war begeistert und zeigte dies mit gro\u00dfem Applaus. Jetzt im Mai folgt der n\u00e4chste Auftritt.<\/p><p>Schriftf\u00fchrer-Stellvertreter Thomas Glantschnig\u00a0<\/p><p>\u00a9 Mai 2026<\/p>\t\t\t\t\t\t<\/div>\n\t\t\t\t<\/div>\n\t\t\t\t\t<\/div>\n\t\t<\/div>\n\t\t\t\t\t<\/div>\n\t\t<\/section>\n\t\t\t\t<\/div>\n\t\t","protected":false},"excerpt":{"rendered":"<p>Die Bergkapelle Bad Bleiberg, gegr\u00fcndet im Jahr 1792, ist zur Zeit die zweit\u00e4lteste Knappenkapelle \u00d6sterreichs. Laut den historischen Aufzeichnungen waren die Geschichte des Bergbaues und&hellip;<\/p>\n","protected":false},"author":1,"featured_media":0,"parent":0,"menu_order":0,"comment_status":"closed","ping_status":"open","template":"","meta":{"footnotes":""},"class_list":["post-2","page","type-page","status-publish","hentry"],"_links":{"self":[{"href":"https:\/\/bergkapellebadbleiberg.at\/bk_wpress\/wp-json\/wp\/v2\/pages\/2","targetHints":{"allow":["GET"]}}],"collection":[{"href":"https:\/\/bergkapellebadbleiberg.at\/bk_wpress\/wp-json\/wp\/v2\/pages"}],"about":[{"href":"https:\/\/bergkapellebadbleiberg.at\/bk_wpress\/wp-json\/wp\/v2\/types\/page"}],"author":[{"embeddable":true,"href":"https:\/\/bergkapellebadbleiberg.at\/bk_wpress\/wp-json\/wp\/v2\/users\/1"}],"replies":[{"embeddable":true,"href":"https:\/\/bergkapellebadbleiberg.at\/bk_wpress\/wp-json\/wp\/v2\/comments?post=2"}],"version-history":[{"count":356,"href":"https:\/\/bergkapellebadbleiberg.at\/bk_wpress\/wp-json\/wp\/v2\/pages\/2\/revisions"}],"predecessor-version":[{"id":4794,"href":"https:\/\/bergkapellebadbleiberg.at\/bk_wpress\/wp-json\/wp\/v2\/pages\/2\/revisions\/4794"}],"wp:attachment":[{"href":"https:\/\/bergkapellebadbleiberg.at\/bk_wpress\/wp-json\/wp\/v2\/media?parent=2"}],"curies":[{"name":"wp","href":"https:\/\/api.w.org\/{rel}","templated":true}]}}